{"id":136,"date":"2024-11-26T13:55:28","date_gmt":"2024-11-26T13:55:28","guid":{"rendered":"http:\/\/dmsaktasotomotiv.com\/urunler\/?post_type=product&#038;p=136"},"modified":"2024-11-26T13:56:58","modified_gmt":"2024-11-26T13:56:58","slug":"41042851-iveco-mazot-depo-samandirasi","status":"publish","type":"product","link":"http:\/\/dmsaktasotomotiv.com\/urunler\/index.php\/urun\/41042851-iveco-mazot-depo-samandirasi\/","title":{"rendered":"41042851 &#8211; \u0130VECO MAZOT DEPO \u015eAMANDIRASI"},"content":{"rendered":"<p><img loading=\"lazy\" decoding=\"async\" class=\"alignnone size-medium wp-image-137\" src=\"http:\/\/dmsaktasotomotiv.com\/urunler\/wp-content\/uploads\/2024\/11\/15576770-c8e4-4cb7-9c6b-e20c2c92c458-135x300.jpg\" alt=\"MAZOT DEPO \u015eAMANDIRA KOMPLE\" width=\"135\" height=\"300\" srcset=\"http:\/\/dmsaktasotomotiv.com\/urunler\/wp-content\/uploads\/2024\/11\/15576770-c8e4-4cb7-9c6b-e20c2c92c458-135x300.jpg 135w, http:\/\/dmsaktasotomotiv.com\/urunler\/wp-content\/uploads\/2024\/11\/15576770-c8e4-4cb7-9c6b-e20c2c92c458-461x1024.jpg 461w, http:\/\/dmsaktasotomotiv.com\/urunler\/wp-content\/uploads\/2024\/11\/15576770-c8e4-4cb7-9c6b-e20c2c92c458-691x1536.jpg 691w, http:\/\/dmsaktasotomotiv.com\/urunler\/wp-content\/uploads\/2024\/11\/15576770-c8e4-4cb7-9c6b-e20c2c92c458-600x1333.jpg 600w, http:\/\/dmsaktasotomotiv.com\/urunler\/wp-content\/uploads\/2024\/11\/15576770-c8e4-4cb7-9c6b-e20c2c92c458.jpg 720w\" sizes=\"auto, (max-width: 135px) 100vw, 135px\" \/><\/p>\n","protected":false},"excerpt":{"rendered":"<p>41042851 \u0130VECO STRALIS \u0130\u00c7\u0130N MAZOT DEPO \u015eAMANDIRASI KOMPLE<\/p>\n","protected":false},"featured_media":137,"comment_status":"open","ping_status":"closed","template":"","meta":[],"product_cat":[15,18],"product_tag":[73],"class_list":{"0":"post-136","1":"product","2":"type-product","3":"status-publish","4":"has-post-thumbnail","6":"product_cat-genel","7":"product_cat-yakit-sistemi","8":"product_tag-73","9":"thunk-woo-product-list","10":"opn-qv-enable","11":"open-woo-hover-zoom","12":"open-single-product-tab-horizontal","13":"open-shadow-","14":"open-shadow-hover-","16":"first","17":"instock","18":"taxable","19":"shipping-taxable","20":"product-type-simple"},"_links":{"self":[{"href":"http:\/\/dmsaktasotomotiv.com\/urunler\/index.php\/wp-json\/wp\/v2\/product\/136","targetHints":{"allow":["GET"]}}],"collection":[{"href":"http:\/\/dmsaktasotomotiv.com\/urunler\/index.php\/wp-json\/wp\/v2\/product"}],"about":[{"href":"http:\/\/dmsaktasotomotiv.com\/urunler\/index.php\/wp-json\/wp\/v2\/types\/product"}],"replies":[{"embeddable":true,"href":"http:\/\/dmsaktasotomotiv.com\/urunler\/index.php\/wp-json\/wp\/v2\/comments?post=136"}],"wp:featuredmedia":[{"embeddable":true,"href":"http:\/\/dmsaktasotomotiv.com\/urunler\/index.php\/wp-json\/wp\/v2\/media\/137"}],"wp:attachment":[{"href":"http:\/\/dmsaktasotomotiv.com\/urunler\/index.php\/wp-json\/wp\/v2\/media?parent=136"}],"wp:term":[{"taxonomy":"product_cat","embeddable":true,"href":"http:\/\/dmsaktasotomotiv.com\/urunler\/index.php\/wp-json\/wp\/v2\/product_cat?post=136"},{"taxonomy":"product_tag","embeddable":true,"href":"http:\/\/dmsaktasotomotiv.com\/urunler\/index.php\/wp-json\/wp\/v2\/product_tag?post=136"}],"curies":[{"name":"wp","href":"https:\/\/api.w.org\/{rel}","templated":true}]}}