{"id":149,"date":"2024-11-28T07:38:26","date_gmt":"2024-11-28T07:38:26","guid":{"rendered":"http:\/\/dmsaktasotomotiv.com\/urunler\/?post_type=product&#038;p=149"},"modified":"2024-11-28T07:38:27","modified_gmt":"2024-11-28T07:38:27","slug":"504115069-iveco-egzoz-fren-silindiri","status":"publish","type":"product","link":"http:\/\/dmsaktasotomotiv.com\/urunler\/index.php\/urun\/504115069-iveco-egzoz-fren-silindiri\/","title":{"rendered":"504115069 &#8211; \u0130VECO EGZOZ FREN S\u0130L\u0130ND\u0130R\u0130"},"content":{"rendered":"<p><img loading=\"lazy\" decoding=\"async\" class=\"alignnone size-medium wp-image-150\" src=\"http:\/\/dmsaktasotomotiv.com\/urunler\/wp-content\/uploads\/2024\/11\/91f92b64-467f-4e15-ba70-a1d12a1bc67e-300x135.jpg\" alt=\"\" width=\"300\" height=\"135\" srcset=\"http:\/\/dmsaktasotomotiv.com\/urunler\/wp-content\/uploads\/2024\/11\/91f92b64-467f-4e15-ba70-a1d12a1bc67e-300x135.jpg 300w, http:\/\/dmsaktasotomotiv.com\/urunler\/wp-content\/uploads\/2024\/11\/91f92b64-467f-4e15-ba70-a1d12a1bc67e-1024x461.jpg 1024w, http:\/\/dmsaktasotomotiv.com\/urunler\/wp-content\/uploads\/2024\/11\/91f92b64-467f-4e15-ba70-a1d12a1bc67e-768x346.jpg 768w, http:\/\/dmsaktasotomotiv.com\/urunler\/wp-content\/uploads\/2024\/11\/91f92b64-467f-4e15-ba70-a1d12a1bc67e-1536x691.jpg 1536w, http:\/\/dmsaktasotomotiv.com\/urunler\/wp-content\/uploads\/2024\/11\/91f92b64-467f-4e15-ba70-a1d12a1bc67e-600x270.jpg 600w, http:\/\/dmsaktasotomotiv.com\/urunler\/wp-content\/uploads\/2024\/11\/91f92b64-467f-4e15-ba70-a1d12a1bc67e.jpg 1600w\" sizes=\"auto, (max-width: 300px) 100vw, 300px\" \/><\/p>\n","protected":false},"excerpt":{"rendered":"","protected":false},"featured_media":150,"comment_status":"open","ping_status":"closed","template":"","meta":[],"product_cat":[15],"product_tag":[81,82,85,84,24,83],"class_list":{"0":"post-149","1":"product","2":"type-product","3":"status-publish","4":"has-post-thumbnail","6":"product_cat-genel","7":"product_tag-81","8":"product_tag-82","9":"product_tag-egzoz-fren-elektrovalf","10":"product_tag-fren-silindiri","11":"product_tag-iveco","12":"product_tag-selonoid-valf","13":"thunk-woo-product-list","14":"opn-qv-enable","15":"open-woo-hover-zoom","16":"open-single-product-tab-horizontal","17":"open-shadow-","18":"open-shadow-hover-","20":"first","21":"instock","22":"taxable","23":"shipping-taxable","24":"product-type-simple"},"_links":{"self":[{"href":"http:\/\/dmsaktasotomotiv.com\/urunler\/index.php\/wp-json\/wp\/v2\/product\/149","targetHints":{"allow":["GET"]}}],"collection":[{"href":"http:\/\/dmsaktasotomotiv.com\/urunler\/index.php\/wp-json\/wp\/v2\/product"}],"about":[{"href":"http:\/\/dmsaktasotomotiv.com\/urunler\/index.php\/wp-json\/wp\/v2\/types\/product"}],"replies":[{"embeddable":true,"href":"http:\/\/dmsaktasotomotiv.com\/urunler\/index.php\/wp-json\/wp\/v2\/comments?post=149"}],"wp:featuredmedia":[{"embeddable":true,"href":"http:\/\/dmsaktasotomotiv.com\/urunler\/index.php\/wp-json\/wp\/v2\/media\/150"}],"wp:attachment":[{"href":"http:\/\/dmsaktasotomotiv.com\/urunler\/index.php\/wp-json\/wp\/v2\/media?parent=149"}],"wp:term":[{"taxonomy":"product_cat","embeddable":true,"href":"http:\/\/dmsaktasotomotiv.com\/urunler\/index.php\/wp-json\/wp\/v2\/product_cat?post=149"},{"taxonomy":"product_tag","embeddable":true,"href":"http:\/\/dmsaktasotomotiv.com\/urunler\/index.php\/wp-json\/wp\/v2\/product_tag?post=149"}],"curies":[{"name":"wp","href":"https:\/\/api.w.org\/{rel}","templated":true}]}}