{"id":186,"date":"2025-06-19T13:26:24","date_gmt":"2025-06-19T13:26:24","guid":{"rendered":"http:\/\/dmsaktasotomotiv.com\/urunler\/?post_type=product&#038;p=186"},"modified":"2025-06-19T13:29:25","modified_gmt":"2025-06-19T13:29:25","slug":"500086381-sase-mazot-filtresi","status":"publish","type":"product","link":"http:\/\/dmsaktasotomotiv.com\/urunler\/index.php\/urun\/500086381-sase-mazot-filtresi\/","title":{"rendered":"500086381 &#8211; \u015eASE MAZOT F\u0130LTRES\u0130"},"content":{"rendered":"<p><img loading=\"lazy\" decoding=\"async\" class=\"alignnone size-medium wp-image-187\" src=\"http:\/\/dmsaktasotomotiv.com\/urunler\/wp-content\/uploads\/2025\/06\/500086331-184x300.jpg\" alt=\"\u015eASE MAZOT F\u0130LTRES\u0130\" width=\"184\" height=\"300\" srcset=\"http:\/\/dmsaktasotomotiv.com\/urunler\/wp-content\/uploads\/2025\/06\/500086331-184x300.jpg 184w, http:\/\/dmsaktasotomotiv.com\/urunler\/wp-content\/uploads\/2025\/06\/500086331-628x1024.jpg 628w, http:\/\/dmsaktasotomotiv.com\/urunler\/wp-content\/uploads\/2025\/06\/500086331-768x1253.jpg 768w, http:\/\/dmsaktasotomotiv.com\/urunler\/wp-content\/uploads\/2025\/06\/500086331-942x1536.jpg 942w, http:\/\/dmsaktasotomotiv.com\/urunler\/wp-content\/uploads\/2025\/06\/500086331-600x979.jpg 600w, http:\/\/dmsaktasotomotiv.com\/urunler\/wp-content\/uploads\/2025\/06\/500086331.jpg 981w\" sizes=\"auto, (max-width: 184px) 100vw, 184px\" \/><\/p>\n","protected":false},"excerpt":{"rendered":"","protected":false},"featured_media":187,"comment_status":"open","ping_status":"closed","template":"","meta":[],"product_cat":[97],"product_tag":[113,115,114,104,111,100,102],"class_list":{"0":"post-186","1":"product","2":"type-product","3":"status-publish","4":"has-post-thumbnail","6":"product_cat-filtreler","7":"product_tag-113","8":"product_tag-115","9":"product_tag-114","10":"product_tag-e5","11":"product_tag-filter","12":"product_tag-fuel-filter","13":"product_tag-sase-mazot-filtresi","14":"thunk-woo-product-list","15":"opn-qv-enable","16":"open-woo-hover-zoom","17":"open-single-product-tab-horizontal","18":"open-shadow-","19":"open-shadow-hover-","21":"first","22":"instock","23":"taxable","24":"shipping-taxable","25":"product-type-simple"},"_links":{"self":[{"href":"http:\/\/dmsaktasotomotiv.com\/urunler\/index.php\/wp-json\/wp\/v2\/product\/186","targetHints":{"allow":["GET"]}}],"collection":[{"href":"http:\/\/dmsaktasotomotiv.com\/urunler\/index.php\/wp-json\/wp\/v2\/product"}],"about":[{"href":"http:\/\/dmsaktasotomotiv.com\/urunler\/index.php\/wp-json\/wp\/v2\/types\/product"}],"replies":[{"embeddable":true,"href":"http:\/\/dmsaktasotomotiv.com\/urunler\/index.php\/wp-json\/wp\/v2\/comments?post=186"}],"wp:featuredmedia":[{"embeddable":true,"href":"http:\/\/dmsaktasotomotiv.com\/urunler\/index.php\/wp-json\/wp\/v2\/media\/187"}],"wp:attachment":[{"href":"http:\/\/dmsaktasotomotiv.com\/urunler\/index.php\/wp-json\/wp\/v2\/media?parent=186"}],"wp:term":[{"taxonomy":"product_cat","embeddable":true,"href":"http:\/\/dmsaktasotomotiv.com\/urunler\/index.php\/wp-json\/wp\/v2\/product_cat?post=186"},{"taxonomy":"product_tag","embeddable":true,"href":"http:\/\/dmsaktasotomotiv.com\/urunler\/index.php\/wp-json\/wp\/v2\/product_tag?post=186"}],"curies":[{"name":"wp","href":"https:\/\/api.w.org\/{rel}","templated":true}]}}