{"id":188,"date":"2025-06-19T13:45:42","date_gmt":"2025-06-19T13:45:42","guid":{"rendered":"http:\/\/dmsaktasotomotiv.com\/urunler\/?post_type=product&#038;p=188"},"modified":"2025-06-19T13:45:43","modified_gmt":"2025-06-19T13:45:43","slug":"5802108699-yag-filtresi","status":"publish","type":"product","link":"http:\/\/dmsaktasotomotiv.com\/urunler\/index.php\/urun\/5802108699-yag-filtresi\/","title":{"rendered":"5802108699 &#8211; YA\u011e F\u0130LTRES\u0130"},"content":{"rendered":"<p><img loading=\"lazy\" decoding=\"async\" class=\"alignnone size-medium wp-image-189\" src=\"http:\/\/dmsaktasotomotiv.com\/urunler\/wp-content\/uploads\/2025\/06\/5802108699-155x300.jpg\" alt=\"YA\u011e F\u0130LTRES\u0130\" width=\"155\" height=\"300\" srcset=\"http:\/\/dmsaktasotomotiv.com\/urunler\/wp-content\/uploads\/2025\/06\/5802108699-155x300.jpg 155w, http:\/\/dmsaktasotomotiv.com\/urunler\/wp-content\/uploads\/2025\/06\/5802108699-529x1024.jpg 529w, http:\/\/dmsaktasotomotiv.com\/urunler\/wp-content\/uploads\/2025\/06\/5802108699-768x1488.jpg 768w, http:\/\/dmsaktasotomotiv.com\/urunler\/wp-content\/uploads\/2025\/06\/5802108699-793x1536.jpg 793w, http:\/\/dmsaktasotomotiv.com\/urunler\/wp-content\/uploads\/2025\/06\/5802108699-600x1162.jpg 600w, http:\/\/dmsaktasotomotiv.com\/urunler\/wp-content\/uploads\/2025\/06\/5802108699.jpg 826w\" sizes=\"auto, (max-width: 155px) 100vw, 155px\" \/><\/p>\n","protected":false},"excerpt":{"rendered":"","protected":false},"featured_media":189,"comment_status":"open","ping_status":"closed","template":"","meta":[],"product_cat":[97],"product_tag":[116,108,111,110,24,112,117],"class_list":{"0":"post-188","1":"product","2":"type-product","3":"status-publish","4":"has-post-thumbnail","6":"product_cat-filtreler","7":"product_tag-116","8":"product_tag-e6","9":"product_tag-filter","10":"product_tag-filtre","11":"product_tag-iveco","12":"product_tag-oil-filter","13":"product_tag-yag-filtresi","14":"thunk-woo-product-list","15":"opn-qv-enable","16":"open-woo-hover-zoom","17":"open-single-product-tab-horizontal","18":"open-shadow-","19":"open-shadow-hover-","21":"first","22":"instock","23":"taxable","24":"shipping-taxable","25":"product-type-simple"},"_links":{"self":[{"href":"http:\/\/dmsaktasotomotiv.com\/urunler\/index.php\/wp-json\/wp\/v2\/product\/188","targetHints":{"allow":["GET"]}}],"collection":[{"href":"http:\/\/dmsaktasotomotiv.com\/urunler\/index.php\/wp-json\/wp\/v2\/product"}],"about":[{"href":"http:\/\/dmsaktasotomotiv.com\/urunler\/index.php\/wp-json\/wp\/v2\/types\/product"}],"replies":[{"embeddable":true,"href":"http:\/\/dmsaktasotomotiv.com\/urunler\/index.php\/wp-json\/wp\/v2\/comments?post=188"}],"wp:featuredmedia":[{"embeddable":true,"href":"http:\/\/dmsaktasotomotiv.com\/urunler\/index.php\/wp-json\/wp\/v2\/media\/189"}],"wp:attachment":[{"href":"http:\/\/dmsaktasotomotiv.com\/urunler\/index.php\/wp-json\/wp\/v2\/media?parent=188"}],"wp:term":[{"taxonomy":"product_cat","embeddable":true,"href":"http:\/\/dmsaktasotomotiv.com\/urunler\/index.php\/wp-json\/wp\/v2\/product_cat?post=188"},{"taxonomy":"product_tag","embeddable":true,"href":"http:\/\/dmsaktasotomotiv.com\/urunler\/index.php\/wp-json\/wp\/v2\/product_tag?post=188"}],"curies":[{"name":"wp","href":"https:\/\/api.w.org\/{rel}","templated":true}]}}