{"id":192,"date":"2025-06-19T13:53:42","date_gmt":"2025-06-19T13:53:42","guid":{"rendered":"http:\/\/dmsaktasotomotiv.com\/urunler\/?post_type=product&#038;p=192"},"modified":"2025-06-19T13:53:43","modified_gmt":"2025-06-19T13:53:43","slug":"500086544-sase-mazot-filtresi","status":"publish","type":"product","link":"http:\/\/dmsaktasotomotiv.com\/urunler\/index.php\/urun\/500086544-sase-mazot-filtresi\/","title":{"rendered":"500086544 -\u015eASE MAZOT F\u0130LTRES\u0130"},"content":{"rendered":"<p><img loading=\"lazy\" decoding=\"async\" class=\"alignnone size-medium wp-image-193\" src=\"http:\/\/dmsaktasotomotiv.com\/urunler\/wp-content\/uploads\/2025\/06\/500086544-170x300.jpg\" alt=\"\" width=\"170\" height=\"300\" srcset=\"http:\/\/dmsaktasotomotiv.com\/urunler\/wp-content\/uploads\/2025\/06\/500086544-170x300.jpg 170w, http:\/\/dmsaktasotomotiv.com\/urunler\/wp-content\/uploads\/2025\/06\/500086544-582x1024.jpg 582w, http:\/\/dmsaktasotomotiv.com\/urunler\/wp-content\/uploads\/2025\/06\/500086544-768x1352.jpg 768w, http:\/\/dmsaktasotomotiv.com\/urunler\/wp-content\/uploads\/2025\/06\/500086544-873x1536.jpg 873w, http:\/\/dmsaktasotomotiv.com\/urunler\/wp-content\/uploads\/2025\/06\/500086544-600x1056.jpg 600w, http:\/\/dmsaktasotomotiv.com\/urunler\/wp-content\/uploads\/2025\/06\/500086544.jpg 909w\" sizes=\"auto, (max-width: 170px) 100vw, 170px\" \/><\/p>\n","protected":false},"excerpt":{"rendered":"","protected":false},"featured_media":193,"comment_status":"open","ping_status":"closed","template":"","meta":[],"product_cat":[97],"product_tag":[119,120,108,24,102],"class_list":{"0":"post-192","1":"product","2":"type-product","3":"status-publish","4":"has-post-thumbnail","6":"product_cat-filtreler","7":"product_tag-119","8":"product_tag-120","9":"product_tag-e6","10":"product_tag-iveco","11":"product_tag-sase-mazot-filtresi","12":"thunk-woo-product-list","13":"opn-qv-enable","14":"open-woo-hover-zoom","15":"open-single-product-tab-horizontal","16":"open-shadow-","17":"open-shadow-hover-","19":"first","20":"instock","21":"taxable","22":"shipping-taxable","23":"product-type-simple"},"_links":{"self":[{"href":"http:\/\/dmsaktasotomotiv.com\/urunler\/index.php\/wp-json\/wp\/v2\/product\/192","targetHints":{"allow":["GET"]}}],"collection":[{"href":"http:\/\/dmsaktasotomotiv.com\/urunler\/index.php\/wp-json\/wp\/v2\/product"}],"about":[{"href":"http:\/\/dmsaktasotomotiv.com\/urunler\/index.php\/wp-json\/wp\/v2\/types\/product"}],"replies":[{"embeddable":true,"href":"http:\/\/dmsaktasotomotiv.com\/urunler\/index.php\/wp-json\/wp\/v2\/comments?post=192"}],"wp:featuredmedia":[{"embeddable":true,"href":"http:\/\/dmsaktasotomotiv.com\/urunler\/index.php\/wp-json\/wp\/v2\/media\/193"}],"wp:attachment":[{"href":"http:\/\/dmsaktasotomotiv.com\/urunler\/index.php\/wp-json\/wp\/v2\/media?parent=192"}],"wp:term":[{"taxonomy":"product_cat","embeddable":true,"href":"http:\/\/dmsaktasotomotiv.com\/urunler\/index.php\/wp-json\/wp\/v2\/product_cat?post=192"},{"taxonomy":"product_tag","embeddable":true,"href":"http:\/\/dmsaktasotomotiv.com\/urunler\/index.php\/wp-json\/wp\/v2\/product_tag?post=192"}],"curies":[{"name":"wp","href":"https:\/\/api.w.org\/{rel}","templated":true}]}}