{"id":196,"date":"2025-06-19T14:07:17","date_gmt":"2025-06-19T14:07:17","guid":{"rendered":"http:\/\/dmsaktasotomotiv.com\/urunler\/?post_type=product&#038;p=196"},"modified":"2025-06-19T14:07:18","modified_gmt":"2025-06-19T14:07:18","slug":"500086393-karter-yag-havalandirma-filtresi","status":"publish","type":"product","link":"http:\/\/dmsaktasotomotiv.com\/urunler\/index.php\/urun\/500086393-karter-yag-havalandirma-filtresi\/","title":{"rendered":"500086393 &#8211; KARTER YA\u011e HAVALANDIRMA F\u0130LTRES\u0130"},"content":{"rendered":"<p><img loading=\"lazy\" decoding=\"async\" class=\"alignnone size-medium wp-image-197\" src=\"http:\/\/dmsaktasotomotiv.com\/urunler\/wp-content\/uploads\/2025\/06\/500086393-300x160.jpg\" alt=\"\" width=\"300\" height=\"160\" srcset=\"http:\/\/dmsaktasotomotiv.com\/urunler\/wp-content\/uploads\/2025\/06\/500086393-300x160.jpg 300w, http:\/\/dmsaktasotomotiv.com\/urunler\/wp-content\/uploads\/2025\/06\/500086393-1024x545.jpg 1024w, http:\/\/dmsaktasotomotiv.com\/urunler\/wp-content\/uploads\/2025\/06\/500086393-768x408.jpg 768w, http:\/\/dmsaktasotomotiv.com\/urunler\/wp-content\/uploads\/2025\/06\/500086393-1536x817.jpg 1536w, http:\/\/dmsaktasotomotiv.com\/urunler\/wp-content\/uploads\/2025\/06\/500086393-600x319.jpg 600w, http:\/\/dmsaktasotomotiv.com\/urunler\/wp-content\/uploads\/2025\/06\/500086393.jpg 1600w\" sizes=\"auto, (max-width: 300px) 100vw, 300px\" \/><\/p>\n","protected":false},"excerpt":{"rendered":"","protected":false},"featured_media":197,"comment_status":"open","ping_status":"closed","template":"","meta":[],"product_cat":[97],"product_tag":[125,126,127,111,110,75],"class_list":{"0":"post-196","1":"product","2":"type-product","3":"status-publish","4":"has-post-thumbnail","6":"product_cat-filtreler","7":"product_tag-125","8":"product_tag-126","9":"product_tag-blow-by-filter-element","10":"product_tag-filter","11":"product_tag-filtre","12":"product_tag-stralis","13":"thunk-woo-product-list","14":"opn-qv-enable","15":"open-woo-hover-zoom","16":"open-single-product-tab-horizontal","17":"open-shadow-","18":"open-shadow-hover-","20":"first","21":"instock","22":"taxable","23":"shipping-taxable","24":"product-type-simple"},"_links":{"self":[{"href":"http:\/\/dmsaktasotomotiv.com\/urunler\/index.php\/wp-json\/wp\/v2\/product\/196","targetHints":{"allow":["GET"]}}],"collection":[{"href":"http:\/\/dmsaktasotomotiv.com\/urunler\/index.php\/wp-json\/wp\/v2\/product"}],"about":[{"href":"http:\/\/dmsaktasotomotiv.com\/urunler\/index.php\/wp-json\/wp\/v2\/types\/product"}],"replies":[{"embeddable":true,"href":"http:\/\/dmsaktasotomotiv.com\/urunler\/index.php\/wp-json\/wp\/v2\/comments?post=196"}],"wp:featuredmedia":[{"embeddable":true,"href":"http:\/\/dmsaktasotomotiv.com\/urunler\/index.php\/wp-json\/wp\/v2\/media\/197"}],"wp:attachment":[{"href":"http:\/\/dmsaktasotomotiv.com\/urunler\/index.php\/wp-json\/wp\/v2\/media?parent=196"}],"wp:term":[{"taxonomy":"product_cat","embeddable":true,"href":"http:\/\/dmsaktasotomotiv.com\/urunler\/index.php\/wp-json\/wp\/v2\/product_cat?post=196"},{"taxonomy":"product_tag","embeddable":true,"href":"http:\/\/dmsaktasotomotiv.com\/urunler\/index.php\/wp-json\/wp\/v2\/product_tag?post=196"}],"curies":[{"name":"wp","href":"https:\/\/api.w.org\/{rel}","templated":true}]}}