{"id":198,"date":"2025-06-19T14:25:33","date_gmt":"2025-06-19T14:25:33","guid":{"rendered":"http:\/\/dmsaktasotomotiv.com\/urunler\/?post_type=product&#038;p=198"},"modified":"2025-06-19T14:25:34","modified_gmt":"2025-06-19T14:25:34","slug":"500086331-yag-filtresi-ic","status":"publish","type":"product","link":"http:\/\/dmsaktasotomotiv.com\/urunler\/index.php\/urun\/500086331-yag-filtresi-ic\/","title":{"rendered":"500086331 &#8211; YA\u011e F\u0130LTRES\u0130 \u0130\u00c7"},"content":{"rendered":"<p><img loading=\"lazy\" decoding=\"async\" class=\"alignnone size-medium wp-image-199\" src=\"http:\/\/dmsaktasotomotiv.com\/urunler\/wp-content\/uploads\/2025\/06\/500086381-184x300.jpg\" alt=\"\" width=\"184\" height=\"300\" srcset=\"http:\/\/dmsaktasotomotiv.com\/urunler\/wp-content\/uploads\/2025\/06\/500086381-184x300.jpg 184w, http:\/\/dmsaktasotomotiv.com\/urunler\/wp-content\/uploads\/2025\/06\/500086381-628x1024.jpg 628w, http:\/\/dmsaktasotomotiv.com\/urunler\/wp-content\/uploads\/2025\/06\/500086381-768x1253.jpg 768w, http:\/\/dmsaktasotomotiv.com\/urunler\/wp-content\/uploads\/2025\/06\/500086381-942x1536.jpg 942w, http:\/\/dmsaktasotomotiv.com\/urunler\/wp-content\/uploads\/2025\/06\/500086381-600x979.jpg 600w, http:\/\/dmsaktasotomotiv.com\/urunler\/wp-content\/uploads\/2025\/06\/500086381.jpg 981w\" sizes=\"auto, (max-width: 184px) 100vw, 184px\" \/><\/p>\n","protected":false},"excerpt":{"rendered":"","protected":false},"featured_media":199,"comment_status":"open","ping_status":"closed","template":"","meta":[],"product_cat":[97],"product_tag":[129,104,130,128],"class_list":{"0":"post-198","1":"product","2":"type-product","3":"status-publish","4":"has-post-thumbnail","6":"product_cat-filtreler","7":"product_tag-129","8":"product_tag-e5","9":"product_tag-oil-filter-element","10":"product_tag-yag-filtresi-ic","11":"thunk-woo-product-list","12":"opn-qv-enable","13":"open-woo-hover-zoom","14":"open-single-product-tab-horizontal","15":"open-shadow-","16":"open-shadow-hover-","18":"first","19":"instock","20":"taxable","21":"shipping-taxable","22":"product-type-simple"},"_links":{"self":[{"href":"http:\/\/dmsaktasotomotiv.com\/urunler\/index.php\/wp-json\/wp\/v2\/product\/198","targetHints":{"allow":["GET"]}}],"collection":[{"href":"http:\/\/dmsaktasotomotiv.com\/urunler\/index.php\/wp-json\/wp\/v2\/product"}],"about":[{"href":"http:\/\/dmsaktasotomotiv.com\/urunler\/index.php\/wp-json\/wp\/v2\/types\/product"}],"replies":[{"embeddable":true,"href":"http:\/\/dmsaktasotomotiv.com\/urunler\/index.php\/wp-json\/wp\/v2\/comments?post=198"}],"wp:featuredmedia":[{"embeddable":true,"href":"http:\/\/dmsaktasotomotiv.com\/urunler\/index.php\/wp-json\/wp\/v2\/media\/199"}],"wp:attachment":[{"href":"http:\/\/dmsaktasotomotiv.com\/urunler\/index.php\/wp-json\/wp\/v2\/media?parent=198"}],"wp:term":[{"taxonomy":"product_cat","embeddable":true,"href":"http:\/\/dmsaktasotomotiv.com\/urunler\/index.php\/wp-json\/wp\/v2\/product_cat?post=198"},{"taxonomy":"product_tag","embeddable":true,"href":"http:\/\/dmsaktasotomotiv.com\/urunler\/index.php\/wp-json\/wp\/v2\/product_tag?post=198"}],"curies":[{"name":"wp","href":"https:\/\/api.w.org\/{rel}","templated":true}]}}